{"id":32650,"date":"2019-03-16T11:27:39","date_gmt":"2019-03-16T16:27:39","guid":{"rendered":"https:\/\/fmrsierrayabarca.com\/?page_id=32650"},"modified":"2020-02-01T17:29:34","modified_gmt":"2020-02-01T22:29:34","slug":"la-firma-mision-y-vision","status":"publish","type":"page","link":"https:\/\/fmrsierrayabarca.com\/en\/pages\/about-us\/about-us-2\/la-firma-mision-y-vision\/","title":{"rendered":"La Firma &#8211; Misi\u00f3n y Visi\u00f3n"},"content":{"rendered":"<p>[vc_row full_width=\u00bbstretch_row_content_no_spaces\u00bb css=\u00bb.vc_custom_1542128581297{margin-bottom: -20px !important;}\u00bb][vc_column][vc_column_text]\n\t\t\t<!-- START La Firma52 REVOLUTION SLIDER 6.2.8 --><p class=\"rs-p-wp-fix\"><\/p>\n\t\t\t<rs-module-wrap id=\"rev_slider_51_1_wrapper\" data-source=\"gallery\" style=\"background:transparent;padding:0;margin:0px auto;margin-top:0;margin-bottom:0;\">\n\t\t\t\t<rs-module id=\"rev_slider_51_1\" class=\"rs-ov-hidden\" style=\"\" data-version=\"6.2.8\">\n\t\t\t\t\t<rs-slides>\n\t\t\t\t\t\t<rs-slide data-key=\"rs-125\" data-title=\"Slide\" data-thumb=\"\/\/fmrsierrayabarca.com\/wp-content\/uploads\/2019\/03\/firma_2-100x50.jpg\" data-duration=\"8970\" data-anim=\"ei:d;eo:d;s:1800;r:0;t:fade;sl:d;\">\n\t\t\t\t\t\t\t<img src=\"\/\/fmrsierrayabarca.com\/wp-content\/uploads\/2019\/03\/firma_2.jpg\" title=\"La Firma &#8211; Misi\u00f3n y Visi\u00f3n\" data-parallax=\"8\" data-panzoom=\"d:11000;ss:115;se:100;\" class=\"rev-slidebg\" data-no-retina>\n<!--\n\t\t\t\t\t\t\t--><rs-layer\n\t\t\t\t\t\t\t\tid=\"slider-51-slide-125-layer-6\" \n\t\t\t\t\t\t\t\tdata-type=\"text\"\n\t\t\t\t\t\t\t\tdata-color=\"rgba(255, 255, 255, 1)\"\n\t\t\t\t\t\t\t\tdata-rsp_ch=\"on\"\n\t\t\t\t\t\t\t\tdata-xy=\"xo:456px,31px,31px,8px;yo:224px,505px,505px,341px;\"\n\t\t\t\t\t\t\t\tdata-text=\"w:normal;s:16;l:37;\"\n\t\t\t\t\t\t\t\tdata-dim=\"w:585px,516px,516px,487px;h:78px,77px,77px,75px;\"\n\t\t\t\t\t\t\t\tdata-frame_0=\"o:1;tp:600;\"\n\t\t\t\t\t\t\t\tdata-frame_0_words=\"y:175%;o:0;rZ:90deg;\"\n\t\t\t\t\t\t\t\tdata-frame_1=\"tp:600;e:power4.inOut;st:3990;sp:2000;sR:3990;\"\n\t\t\t\t\t\t\t\tdata-frame_1_words=\"d:8;\"\n\t\t\t\t\t\t\t\tdata-frame_999=\"z:0;sX:1;sY:1;o:1;rX:0;rY:0;rZ:0;skX:0;skY:0;tp:600;e:power4.in;st:w;sp:1000;sR:2340;\"\n\t\t\t\t\t\t\t\tdata-frame_999_lines=\"d:8;x:right;o:0;\"\n\t\t\t\t\t\t\t\tdata-frame_999_mask=\"u:t;\"\n\t\t\t\t\t\t\t\tstyle=\"z-index:5;font-family:Montserrat UltraLight;\"\n\t\t\t\t\t\t\t>LA MEJOR OPCI\u00d3N PARA LA DEFENSA DE SUS INTERESES \n\t\t\t\t\t\t\t<\/rs-layer><!--\n\n\t\t\t\t\t\t\t--><rs-layer\n\t\t\t\t\t\t\t\tid=\"slider-51-slide-125-layer-10\" \n\t\t\t\t\t\t\t\tclass=\"rev-btn\"\n\t\t\t\t\t\t\t\tdata-type=\"button\"\n\t\t\t\t\t\t\t\tdata-color=\"rgba(255, 255, 255, 1)\"\n\t\t\t\t\t\t\t\tdata-xy=\"xo:43px,34px,34px,35px;yo:759px,607px,607px,513px;\"\n\t\t\t\t\t\t\t\tdata-text=\"s:17;l:17;\"\n\t\t\t\t\t\t\t\tdata-rsp_bd=\"off\"\n\t\t\t\t\t\t\t\tdata-padding=\"t:12;r:35;b:12;l:35;\"\n\t\t\t\t\t\t\t\tdata-border=\"bos:solid;boc:rgba(255, 255, 255, 1);bow:1px,1px,1px,1px;\"\n\t\t\t\t\t\t\t\tdata-frame_0=\"y:200px;rZ:90deg;tp:600;\"\n\t\t\t\t\t\t\t\tdata-frame_1=\"tp:600;e:power2.inOut;st:5190;sp:1510;sR:5190;\"\n\t\t\t\t\t\t\t\tdata-frame_999=\"x:right;o:0;tp:600;e:power4.in;st:w;sp:1310;sR:2270;\"\n\t\t\t\t\t\t\t\tdata-frame_999_mask=\"u:t;\"\n\t\t\t\t\t\t\t\tdata-frame_hover=\"bgc:#00bfa5;boc:#00bfa5;bor:0px,0px,0px,0px;bos:solid;bow:0,0,0,0;oX:50;oY:50;sp:0;e:none;\"\n\t\t\t\t\t\t\t\tstyle=\"z-index:6;font-family:Montserrat UltraLight;cursor:pointer;outline:none;box-shadow:none;box-sizing:border-box;-moz-box-sizing:border-box;-webkit-box-sizing:border-box;\"\n\t\t\t\t\t\t\t>FREE TRY-OUT TRAINING \n\t\t\t\t\t\t\t<\/rs-layer><!--\n-->\t\t\t\t\t\t<\/rs-slide>\n\t\t\t\t\t\t<rs-slide data-key=\"rs-126\" data-title=\"Slide\" data-thumb=\"\/\/fmrsierrayabarca.com\/wp-content\/uploads\/2018\/11\/firma_2-100x50.jpg\" data-duration=\"9000\" data-anim=\"ei:d;eo:d;s:1800;r:0;t:fade;sl:d;\">\n\t\t\t\t\t\t\t<img src=\"\/\/fmrsierrayabarca.com\/wp-content\/uploads\/2018\/11\/firma_2.jpg\" title=\"La Firma &#8211; Misi\u00f3n y Visi\u00f3n\" data-parallax=\"8\" data-panzoom=\"d:11000;ss:115;se:100;\" class=\"rev-slidebg\" data-no-retina>\n<!--\n\t\t\t\t\t\t\t--><rs-layer\n\t\t\t\t\t\t\t\tid=\"slider-51-slide-126-layer-2\" \n\t\t\t\t\t\t\t\tdata-type=\"text\"\n\t\t\t\t\t\t\t\tdata-color=\"rgba(255, 255, 255, 1)\"\n\t\t\t\t\t\t\t\tdata-rsp_ch=\"on\"\n\t\t\t\t\t\t\t\tdata-xy=\"x:c;xo:0,6px,15px,-5px;y:m;yo:0,16px,-1px,3px;\"\n\t\t\t\t\t\t\t\tdata-text=\"s:60,100,80,50;l:100;fw:700;\"\n\t\t\t\t\t\t\t\tdata-frame_0=\"o:1;tp:600;\"\n\t\t\t\t\t\t\t\tdata-frame_0_chars=\"sX:3;sY:3;o:0;rY:400deg;\"\n\t\t\t\t\t\t\t\tdata-frame_1=\"tp:600;e:power2.inOut;st:2120;sp:3000;sR:2120;\"\n\t\t\t\t\t\t\t\tdata-frame_1_chars=\"d:10;\"\n\t\t\t\t\t\t\t\tdata-frame_999=\"sX:4;sY:4;o:0;tp:600;e:power4.in;st:w;sp:1200;sR:2680;\"\n\t\t\t\t\t\t\t\tstyle=\"z-index:5;font-family:Montserrat;\"\n\t\t\t\t\t\t\t>\u00a1A su servicio! \n\t\t\t\t\t\t\t<\/rs-layer><!--\n\n\t\t\t\t\t\t\t--><rs-layer\n\t\t\t\t\t\t\t\tid=\"slider-51-slide-126-layer-13\" \n\t\t\t\t\t\t\t\tclass=\"rev-btn\"\n\t\t\t\t\t\t\t\tdata-type=\"button\"\n\t\t\t\t\t\t\t\tdata-color=\"rgba(255, 255, 255, 1)\"\n\t\t\t\t\t\t\t\tdata-xy=\"x:c;xo:0,24px,26px,0;yo:589px,551px,540px,401px;\"\n\t\t\t\t\t\t\t\tdata-text=\"s:17;l:17;fw:500;\"\n\t\t\t\t\t\t\t\tdata-rsp_bd=\"off\"\n\t\t\t\t\t\t\t\tdata-padding=\"t:12;r:35;b:12;l:35;\"\n\t\t\t\t\t\t\t\tdata-frame_0=\"y:200px;rZ:5deg;tp:600;\"\n\t\t\t\t\t\t\t\tdata-frame_1=\"tp:600;e:power3.out;st:4980;sp:2000;sR:4980;\"\n\t\t\t\t\t\t\t\tdata-frame_999=\"y:300px;sX:4;sY:4;o:0;tp:600;e:power4.in;st:w;sp:800;sR:2020;\"\n\t\t\t\t\t\t\t\tdata-frame_hover=\"c:#000;bgc:#fff;boc:#000;bor:0px,0px,0px,0px;bos:solid;oX:50;oY:50;sp:1;e:power0.inOut;\"\n\t\t\t\t\t\t\t\tstyle=\"z-index:7;background-color:rgba(0,191,165,0.75);font-family:Montserrat UltraLight;cursor:pointer;outline:none;box-shadow:none;box-sizing:border-box;-moz-box-sizing:border-box;-webkit-box-sizing:border-box;\"\n\t\t\t\t\t\t\t>JOIN US TODAY! \n\t\t\t\t\t\t\t<\/rs-layer><!--\n-->\t\t\t\t\t\t<\/rs-slide>\n\t\t\t\t\t<\/rs-slides>\n\t\t\t\t<\/rs-module>\n\t\t\t\t<script type=\"text\/javascript\">\n\t\t\t\t\tsetREVStartSize({c: 'rev_slider_51_1',rl:[1240,1024,778,480],el:[],gw:[1240,1024,778,480],gh:[280,300,300,400],type:'standard',justify:'',layout:'fullwidth',mh:\"0\"});\n\t\t\t\t\tvar\trevapi51,\n\t\t\t\t\t\ttpj;\n\t\t\t\t\tjQuery(function() {\n\t\t\t\t\t\ttpj = jQuery;\n\t\t\t\t\t\trevapi51 = tpj(\"#rev_slider_51_1\")\n\t\t\t\t\t\tif(revapi51==undefined || revapi51.revolution == undefined){\n\t\t\t\t\t\t\trevslider_showDoubleJqueryError(\"rev_slider_51_1\");\n\t\t\t\t\t\t}else{\n\t\t\t\t\t\t\trevapi51.revolution({\n\t\t\t\t\t\t\t\tsliderLayout:\"fullwidth\",\n\t\t\t\t\t\t\t\tvisibilityLevels:\"1240,1024,778,480\",\n\t\t\t\t\t\t\t\tgridwidth:\"1240,1024,778,480\",\n\t\t\t\t\t\t\t\tgridheight:\"280,300,300,400\",\n\t\t\t\t\t\t\t\tperspectiveType:\"local\",\n\t\t\t\t\t\t\t\tresponsiveLevels:\"1240,1024,778,480\",\n\t\t\t\t\t\t\t\tprogressBar:{disableProgressBar:true},\n\t\t\t\t\t\t\t\tnavigation: {\n\t\t\t\t\t\t\t\t\tmouseScrollNavigation:false,\n\t\t\t\t\t\t\t\t\tonHoverStop:false,\n\t\t\t\t\t\t\t\t\ttouch: {\n\t\t\t\t\t\t\t\t\t\ttouchenabled:true\n\t\t\t\t\t\t\t\t\t},\n\t\t\t\t\t\t\t\t\tarrows: {\n\t\t\t\t\t\t\t\t\t\tenable:true,\n\t\t\t\t\t\t\t\t\t\tstyle:\"uranus\",\n\t\t\t\t\t\t\t\t\t\thide_onleave:true,\n\t\t\t\t\t\t\t\t\t\tleft: {\n\n\t\t\t\t\t\t\t\t\t\t},\n\t\t\t\t\t\t\t\t\t\tright: {\n\n\t\t\t\t\t\t\t\t\t\t}\n\t\t\t\t\t\t\t\t\t}\n\t\t\t\t\t\t\t\t},\n\t\t\t\t\t\t\t\tparallax: {\n\t\t\t\t\t\t\t\t\tlevels:[5,10,15,20,25,30,35,40,45,46,47,48,49,50,51,55],\n\t\t\t\t\t\t\t\t\ttype:\"mouse\"\n\t\t\t\t\t\t\t\t},\n\t\t\t\t\t\t\t\tfallbacks: {\n\t\t\t\t\t\t\t\t\tallowHTML5AutoPlayOnAndroid:true\n\t\t\t\t\t\t\t\t},\n\t\t\t\t\t\t\t});\n\t\t\t\t\t\t}\n\t\t\t\t\t\t\n\t\t\t\t\t});\n\t\t\t\t<\/script>\n\t\t\t\t<script>\n\t\t\t\t\tvar htmlDivCss = unescape(\"body%20.slideshow-preloader%20%7B%0A%09height%3A%20100vh%3B%0A%7D\");\n\t\t\t\t\tvar htmlDiv = document.getElementById('rs-plugin-settings-inline-css');\n\t\t\t\t\tif(htmlDiv) {\n\t\t\t\t\t\thtmlDiv.innerHTML = htmlDiv.innerHTML + htmlDivCss;\n\t\t\t\t\t}else{\n\t\t\t\t\t\tvar htmlDiv = document.createElement('div');\n\t\t\t\t\t\thtmlDiv.innerHTML = '<style>' + htmlDivCss + '<\/style>';\n\t\t\t\t\t\tdocument.getElementsByTagName('head')[0].appendChild(htmlDiv.childNodes[0]);\n\t\t\t\t\t}\n\t\t\t\t<\/script>\n\t\t\t\t<script>\n\t\t\t\t\tvar htmlDivCss = unescape(\"%23rev_slider_51_1_wrapper%20.uranus.tparrows%20%7B%0A%20%20width%3A50px%3B%0A%20%20height%3A50px%3B%0A%20%20background%3Argba%28255%2C255%2C255%2C0%29%3B%0A%20%7D%0A%20%23rev_slider_51_1_wrapper%20.uranus.tparrows%3Abefore%20%7B%0A%20width%3A50px%3B%0A%20height%3A50px%3B%0A%20line-height%3A50px%3B%0A%20font-size%3A40px%3B%0A%20transition%3Aall%200.3s%3B%0A-webkit-transition%3Aall%200.3s%3B%0A%20%7D%0A%20%0A%20%20%23rev_slider_51_1_wrapper%20.uranus.tparrows%3Ahover%3Abefore%20%7B%0A%20%20%20%20opacity%3A0.75%3B%0A%20%20%7D%0A\");\n\t\t\t\t\tvar htmlDiv = document.getElementById('rs-plugin-settings-inline-css');\n\t\t\t\t\tif(htmlDiv) {\n\t\t\t\t\t\thtmlDiv.innerHTML = htmlDiv.innerHTML + htmlDivCss;\n\t\t\t\t\t}else{\n\t\t\t\t\t\tvar htmlDiv = document.createElement('div');\n\t\t\t\t\t\thtmlDiv.innerHTML = '<style>' + htmlDivCss + '<\/style>';\n\t\t\t\t\t\tdocument.getElementsByTagName('head')[0].appendChild(htmlDiv.childNodes[0]);\n\t\t\t\t\t}\n\t\t\t\t<\/script>\n\t\t\t\t<script>\n\t\t\t\t\tvar htmlDivCss = unescape(\"%0A%0A\");\n\t\t\t\t\tvar htmlDiv = document.getElementById('rs-plugin-settings-inline-css');\n\t\t\t\t\tif(htmlDiv) {\n\t\t\t\t\t\thtmlDiv.innerHTML = htmlDiv.innerHTML + htmlDivCss;\n\t\t\t\t\t}else{\n\t\t\t\t\t\tvar htmlDiv = document.createElement('div');\n\t\t\t\t\t\thtmlDiv.innerHTML = '<style>' + htmlDivCss + '<\/style>';\n\t\t\t\t\t\tdocument.getElementsByTagName('head')[0].appendChild(htmlDiv.childNodes[0]);\n\t\t\t\t\t}\n\t\t\t\t<\/script>\n\t\t\t<\/rs-module-wrap>\n\t\t\t<!-- END REVOLUTION SLIDER -->\n[\/vc_column_text][\/vc_column][\/vc_row][vc_row full_width=\u00bbstretch_row_content_no_spaces\u00bb equal_height=\u00bbyes\u00bb css=\u00bb.vc_custom_1542127717955{margin-bottom: 0px !important;background: #000000 url(https:\/\/fmrsierrayabarca.com\/wp-content\/uploads\/2018\/11\/fondo_staff-2.jpg?id=32521) !important;}\u00bb][vc_column css=\u00bb.vc_custom_1542006572238{padding-top: 250px !important;padding-bottom: 250px !important;background-image: url(https:\/\/fmrsierrayabarca.com\/wp-content\/uploads\/2018\/11\/mision_vision.jpg?id=32545) !important;background-position: center !important;background-repeat: no-repeat !important;background-size: cover !important;}\u00bb offset=\u00bbvc_col-lg-6 vc_col-md-6&#8243;][\/vc_column][vc_column offset=\u00bbvc_col-lg-6 vc_col-md-6&#8243;]<div class=\"clearboth\"><\/div><div class=\"gem-divider\" style=\"margin-top: 107px;\"><\/div>[vc_column_text]<\/p>\n<div class=\"title-h2\" style=\"text-align: center;\"><span style=\"color: #ffeb14;\">MISSION AND VISION<\/span><\/div>\n<p>[\/vc_column_text]<div class=\"clearboth\"><\/div><div class=\"gem-divider\" style=\"margin-top: 30px;\"><\/div>[vc_column_text el_class=\u00bbptext\u00bb]<\/p>\n<p style=\"text-align: left;\"><span style=\"color: #ffffff;\"><span style=\"color: #ffeb14;\">FMR Sierra &amp; Abarca Abogados, xxxxx<\/span> brinda asesor\u00eda jur\u00eddica, pol\u00edtica, empresarial y contable a personas naturales, empresas, instituciones p\u00fablicas y privadas, as\u00ed como a la defensa legal ante instancias jurisdiccionales, administrativas y privadas, actividades de investigaci\u00f3n y capacitaci\u00f3n, al asesoramiento preventivo y otros.<\/span><br \/>\n<span style=\"color: #ffffff;\">En las diversas ramas del derecho, destinadas a que el servicio legal que brindamos, posea un alto grado de calidad a los patrocinados y\/o clientes, optimizando todos los recursos f\u00edsicos y humanos del estudio, que ha permitido lograr un prestigio avalado por los mismos cientes y\/o patrocinados, ya que nuestra pol\u00edtica est\u00e1 basada en las exigencias continuas de calidad y eficiencia profesional que se traduce en m\u00e1s clientes y\/o patrocinados satisfechos.<\/span><\/p>\n<p>[\/vc_column_text]<div class=\"clearboth\"><\/div><div class=\"gem-divider\" style=\"margin-top: 95px;\"><\/div><div class=\"clearboth\"><\/div><div class=\"gem-divider\" style=\"margin-top: 30px;margin-bottom: 20px;\"><\/div>[\/vc_column][\/vc_row][vc_row full_width=\u00bbstretch_row_content_no_spaces\u00bb equal_height=\u00bbyes\u00bb css=\u00bb.vc_custom_1542007726497{margin-bottom: 0px !important;background-image: url(https:\/\/fmrsierrayabarca.com\/wp-content\/uploads\/2018\/11\/fondo_staff-2.jpg?id=32521) !important;}\u00bb][vc_column offset=\u00bbvc_col-lg-6 vc_col-md-6&#8243; css=\u00bb.vc_custom_1542007667146{padding-right: 40px !important;padding-left: 40px !important;}\u00bb]<div class=\"clearboth\"><\/div><div class=\"gem-divider\" style=\"margin-top: 77px;\"><\/div>[vc_column_text]<\/p>\n<div class=\"title-h2\" style=\"text-align: center;\"><span style=\"color: #f6d13d;\">VALUES<\/span><\/div>\n<p>[\/vc_column_text]<div class=\"clearboth\"><\/div><div class=\"gem-divider\" style=\"margin-top: 37px;\"><\/div><div class=\"clearboth\"><\/div><div class=\"gem-divider\" style=\"margin-top: 50px;\"><\/div><div class=\"gem-list gem-list-type-checkbox gem-list-color-3\"><ul>\n<li><span style=\"color: #f6d13d;\">EXCELLENT SERVICE<\/span><span style=\"color: #ffffff;\">:<\/span> <span style=\"color: #ffffff;\">Estamos siempre cerca de nuestros clientes y sus casos. Esto nos permite comprender mejor sus necesidades de justicia y responder de manera oportuna y eficiente a sus requerimientos y a los del sistema judicial.<\/span><\/li>\n<li><span style=\"color: #f6d13d;\">RESULTS<\/span><span style=\"color: #ffffff;\">: Nuestros clientes conf\u00edan en nosotros porque saben que siempre perseguimos, de modo \u00edntegro, entregarle la mejor soluci\u00f3n posible a sus problemas.<\/span><\/li>\n<li><span style=\"color: #f6d13d;\">ETHICS<\/span><span style=\"color: #ffffff;\">: Asumimos frente a nuestros clientes el compromiso de aut\u00e9ntico respeto a la justicia y a la verdad, considerando los principios y valores del Derecho.<\/span><\/li>\n<li><span style=\"color: #f6d13d;\">TEAMWORK<\/span><span style=\"color: #ffffff;\">: Creemos que la organizaci\u00f3n corporativa y la cooperaci\u00f3n permanente son esenciales para el logro de nuestras metas colectivas, personales y profesionales.<\/span><\/li>\n<li><span style=\"color: #f6d13d;\">CONTINUOUS IMPROVEMENT<\/span><span style=\"color: #ffffff;\">: Creemos que la excelencia profesional y el liderazgo institucional que perseguimos ser\u00e1n el producto de nuestra experiencia en constante crecimiento, la actualizaci\u00f3n permanente de nuestros conocimientos y la labor formativa que realizamos en favor de los futuros l\u00edderes del Derecho Penal.<\/span><\/li>\n<li><span style=\"color: #f6d13d;\">RESPONSIBILITY<\/span><span style=\"color: #ffffff;\">: Dedicamos todo nuestro esfuerzo y recursos profesionales a la defensa, remunerada o no, de casos que resultan trascendentales para la vigencia de los derechos fundamentales en nuestro pa\u00eds.<\/span><\/li>\n<\/ul>\n<\/div><div class=\"clearboth\"><\/div><div class=\"gem-divider\" style=\"margin-top: 95px;\"><\/div>[\/vc_column][vc_column css=\u00bb.vc_custom_1542008141096{padding-top: 250px !important;padding-bottom: 250px !important;background-image: url(https:\/\/fmrsierrayabarca.com\/wp-content\/uploads\/2018\/11\/valores.jpg?id=32549) !important;background-position: center !important;background-repeat: no-repeat !important;background-size: cover !important;}\u00bb offset=\u00bbvc_col-lg-6 vc_col-md-6&#8243;][\/vc_column][\/vc_row]<\/p>","protected":false},"excerpt":{"rendered":"<p>[vc_row full_width=\u00bbstretch_row_content_no_spaces\u00bb css=\u00bb.vc_custom_1542128581297{margin-bottom: -20px !important;}\u00bb][vc_column][vc_column_text][\/vc_column_text][\/vc_column][\/vc_row][vc_row full_width=\u00bbstretch_row_content_no_spaces\u00bb equal_height=\u00bbyes\u00bb css=\u00bb.vc_custom_1542127717955{margin-bottom: 0px !important;background: #000000 url(https:\/\/fmrsierrayabarca.com\/wp-content\/uploads\/2018\/11\/fondo_staff-2.jpg?id=32521) !important;}\u00bb][vc_column css=\u00bb.vc_custom_1542006572238{padding-top: 250px !important;padding-bottom: 250px !important;background-image: url(https:\/\/fmrsierrayabarca.com\/wp-content\/uploads\/2018\/11\/mision_vision.jpg?id=32545) !important;background-position:&#8230;<\/p>","protected":false},"author":1,"featured_media":0,"parent":7600,"menu_order":0,"comment_status":"closed","ping_status":"closed","template":"","meta":[],"_links":{"self":[{"href":"https:\/\/fmrsierrayabarca.com\/en\/wp-json\/wp\/v2\/pages\/32650"}],"collection":[{"href":"https:\/\/fmrsierrayabarca.com\/en\/wp-json\/wp\/v2\/pages"}],"about":[{"href":"https:\/\/fmrsierrayabarca.com\/en\/wp-json\/wp\/v2\/types\/page"}],"author":[{"embeddable":true,"href":"https:\/\/fmrsierrayabarca.com\/en\/wp-json\/wp\/v2\/users\/1"}],"replies":[{"embeddable":true,"href":"https:\/\/fmrsierrayabarca.com\/en\/wp-json\/wp\/v2\/comments?post=32650"}],"version-history":[{"count":6,"href":"https:\/\/fmrsierrayabarca.com\/en\/wp-json\/wp\/v2\/pages\/32650\/revisions"}],"predecessor-version":[{"id":32743,"href":"https:\/\/fmrsierrayabarca.com\/en\/wp-json\/wp\/v2\/pages\/32650\/revisions\/32743"}],"up":[{"embeddable":true,"href":"https:\/\/fmrsierrayabarca.com\/en\/wp-json\/wp\/v2\/pages\/7600"}],"wp:attachment":[{"href":"https:\/\/fmrsierrayabarca.com\/en\/wp-json\/wp\/v2\/media?parent=32650"}],"curies":[{"name":"wp","href":"https:\/\/api.w.org\/{rel}","templated":true}]}}