{"id":34380,"date":"2020-05-30T21:09:28","date_gmt":"2020-05-31T02:09:28","guid":{"rendered":"https:\/\/fmrsierrayabarca.com\/?page_id=34380"},"modified":"2021-07-24T19:07:15","modified_gmt":"2021-07-25T00:07:15","slug":"planes-on-line","status":"publish","type":"page","link":"https:\/\/fmrsierrayabarca.com\/en\/planes-on-line\/","title":{"rendered":"Planes OnLine"},"content":{"rendered":"<p>[vc_row css=\u00bb.vc_custom_1474296171181{margin-top: 0px !important;padding-top: 0px !important;}\u00bb][vc_column css=\u00bb.vc_custom_1474296182961{margin-top: 0px !important;padding-top: 0px !important;}\u00bb]<div id=\"fullwidth-block-69d0d64dc939b\" class=\"fullwidth-block clearfix\"  style=\"\"><script type=\"text\/javascript\">if (typeof(gem_fix_fullwidth_position) == \"function\") { gem_fix_fullwidth_position(document.getElementById(\"fullwidth-block-69d0d64dc939b\")); }<\/script><div class=\"fullwidth-block-background\" style=\"background-image: url(https:\/\/fmrsierrayabarca.com\/wp-content\/uploads\/2016\/08\/6-1-2.jpg);background-repeat: no-repeat; background-size: cover;background-position: center top;\"><\/div><div class=\"fullwidth-block-inner\">[vc_row_inner equal_height=\u00bbyes\u00bb css=\u00bb.vc_custom_1590904268844{background-color: rgba(0,0,0,0.5) !important;*background-color: rgb(0,0,0) !important;}\u00bb][vc_column_inner width=\u00bb1\/2&#8243;][\/vc_column_inner][vc_column_inner width=\u00bb1\/2&#8243; css=\u00bb.vc_custom_1590903971616{background-color: rgba(0,0,0,0.7) !important;*background-color: rgb(0,0,0) !important;}\u00bb][vc_column_text css=\u00bb.vc_custom_1627171632880{padding-right: 15px !important;}\u00bb]<\/p>\n<div class=\"title-h6\" style=\"text-align: center; font-size: 20px;\">CONSULTAS VIRTUALES<\/div>\n<p style=\"text-align: justify;\"><span style=\"color: #e8e8e8; font-size: 18px;\">Si necesitas consultar con un ABOGADO, est\u00e1s en el lugar correcto.<br \/>\nSin restricciones geogr\u00e1ficas podemos darle soluci\u00f3n a todos tus problemas legales a trav\u00e9s de nuestras plataformas virtuales.<\/span><\/p>\n<div class=\"title-h6 title-h4\" style=\"text-align: center;\"><img loading=\"lazy\" class=\"size-full wp-image-35119 aligncenter\" src=\"https:\/\/fmrsierrayabarca.com\/wp-content\/uploads\/2021\/07\/tira_m_ff.png\" alt=\"\" width=\"875\" height=\"190\" srcset=\"https:\/\/fmrsierrayabarca.com\/wp-content\/uploads\/2021\/07\/tira_m_ff.png 875w, https:\/\/fmrsierrayabarca.com\/wp-content\/uploads\/2021\/07\/tira_m_ff-300x65.png 300w, https:\/\/fmrsierrayabarca.com\/wp-content\/uploads\/2021\/07\/tira_m_ff-768x167.png 768w\" sizes=\"(max-width: 875px) 100vw, 875px\" \/><\/div>\n<p>[\/vc_column_text][\/vc_column_inner][\/vc_row_inner]<\/div><\/div>[vc_empty_space]<div id=\"fullwidth-block-69d0d64dc9906\" class=\"fullwidth-block clearfix\"  style=\"padding-bottom: 20px;\"><script type=\"text\/javascript\">if (typeof(gem_fix_fullwidth_position) == \"function\") { gem_fix_fullwidth_position(document.getElementById(\"fullwidth-block-69d0d64dc9906\")); }<\/script><div class=\"fullwidth-block-background\" style=\"background-image: url(https:\/\/fmrsierrayabarca.com\/wp-content\/uploads\/revslider\/business-03\/First-Frame.jpg);background-repeat: no-repeat; background-size: cover;background-position: center top;\"><\/div><div class=\"fullwidth-block-inner\"><div class=\"container\">[vc_column_text css=\u00bb.vc_custom_1627154503998{margin-top: -30px !important;}\u00bb]<\/p>\n<div class=\"title-h4\" style=\"text-align: center;\"><span style=\"color: #f6d13d;\"><strong>CONOCE NUESTROS PLANES ONLINE<\/strong><\/span><\/div>\n<p>[\/vc_column_text]<div class=\"clearboth\"><\/div><div class=\"gem-divider\" style=\"margin-top: -18px;\"><\/div>[vc_row_inner disable_element=\u00bbyes\u00bb][vc_column_inner offset=\u00bbvc_col-lg-4&#8243;]<div class=\"gem-textbox\" ><div class=\"gem-textbox-picture centered-box\"><a href=\"https:\/\/fmrsierrayabarca.com\/wp-content\/uploads\/2016\/09\/9-1.jpg\" class=\"fancy\"><img src=\"https:\/\/fmrsierrayabarca.com\/wp-content\/uploads\/2016\/09\/9-1.jpg\" alt=\"\" class=\"img-responsive\" \/><\/a><\/div><div class=\"gem-textbox-inner gem-textbox-after-image\" style=\"border: 3px solid #ffffff;\"><div class=\"gem-textbox-content\" style=\"background-color: rgba(255,255,255,0.55);background-position: center top;\"><div class=\"clearboth\"><\/div><div class=\"gem-divider\" style=\"margin-top: -5px;\"><\/div>[vc_column_text]<\/p>\n<div class=\"title-h4\" style=\"text-align: center;\"><span class=\"light\" style=\"color: #282d3c;\">deluxe single<\/span><\/div>\n<p>[\/vc_column_text]<div class=\"clearboth\"><\/div><div class=\"gem-divider\" style=\"margin-top: 30px;\"><\/div>[vc_column_text]<\/p>\n<p style=\"text-align: center;\"><span style=\"color: #282d3c;\">Exercitation ullamco laboris nisi ut aliquip ex ea commodo consequat. Duis aute irure dolor in reprehenderit in voluptate velit.<\/span><\/p>\n<p>[\/vc_column_text]<div class=\"clearboth\"><\/div><div class=\"gem-divider\" style=\"margin-top: 32px;\"><\/div>[vc_column_text]<\/p>\n<div class=\"title-h4\" style=\"text-align: center;\">$95.00\u00a0<span style=\"color: #5f727f; font-family: 'Source Sans Pro'; font-size: 16px; font-weight: 200; text-transform: none;\">\/ per night<\/span><\/div>\n<p>[\/vc_column_text]<div class=\"clearboth\"><\/div><div class=\"gem-divider\" style=\"margin-top: 14px;\"><\/div><div class=\"gem-button-container gem-button-position-center\"><a class=\"gem-button gem-button-size-small gem-button-style-flat gem-button-text-weight-normal\" style=\"border-radius: 0px;background-color: #00bcd4;color: #ffffff;\" onmouseleave=\"this.style.backgroundColor='#00bcd4';this.style.color='#ffffff';\" onmouseenter=\"this.style.backgroundColor='#2fc5b0';\" href=\"\" target=\"_self\">book now<\/a><\/div> <\/div><\/div><\/div>[\/vc_column_inner][vc_column_inner offset=\u00bbvc_col-lg-4&#8243;]<div class=\"gem-textbox\" ><div class=\"gem-textbox-picture centered-box\"><a href=\"https:\/\/fmrsierrayabarca.com\/wp-content\/uploads\/2016\/09\/10-1.jpg\" class=\"fancy\"><img src=\"https:\/\/fmrsierrayabarca.com\/wp-content\/uploads\/2016\/09\/10-1.jpg\" alt=\"\" class=\"img-responsive\" \/><\/a><\/div><div class=\"gem-textbox-inner gem-textbox-after-image\" style=\"border: 3px solid #ffffff;\"><div class=\"gem-textbox-content\" style=\"background-color: rgba(255,255,255,0.55);background-position: center top;\"><div class=\"clearboth\"><\/div><div class=\"gem-divider\" style=\"margin-top: -5px;\"><\/div>[vc_column_text]<\/p>\n<div class=\"title-h4\" style=\"text-align: center;\"><span class=\"light\" style=\"color: #282d3c;\">deluxe double<\/span><\/div>\n<p>[\/vc_column_text]<div class=\"clearboth\"><\/div><div class=\"gem-divider\" style=\"margin-top: 30px;\"><\/div>[vc_column_text]<\/p>\n<p style=\"text-align: center;\"><span style=\"color: #282d3c;\">Exercitation ullamco laboris nisi ut aliquip ex ea commodo consequat. Duis aute irure dolor in reprehenderit in voluptate velit.<\/span><\/p>\n<p>[\/vc_column_text]<div class=\"clearboth\"><\/div><div class=\"gem-divider\" style=\"margin-top: 32px;\"><\/div>[vc_column_text]<\/p>\n<div class=\"title-h4\" style=\"text-align: center;\">$120.00<span style=\"color: #5f727f; font-family: 'Source Sans Pro'; font-size: 16px; font-weight: 200; text-transform: none;\">\/ per night<\/span><\/div>\n<p>[\/vc_column_text]<div class=\"clearboth\"><\/div><div class=\"gem-divider\" style=\"margin-top: 14px;\"><\/div><div class=\"gem-button-container gem-button-position-center\"><a class=\"gem-button gem-button-size-small gem-button-style-flat gem-button-text-weight-normal\" style=\"border-radius: 0px;background-color: #00bcd4;color: #ffffff;\" onmouseleave=\"this.style.backgroundColor='#00bcd4';this.style.color='#ffffff';\" onmouseenter=\"this.style.backgroundColor='#2fc5b0';\" href=\"\" target=\"_self\">book now<\/a><\/div> <\/div><\/div><\/div>[\/vc_column_inner][vc_column_inner offset=\u00bbvc_col-lg-4&#8243;]<div class=\"gem-textbox\" ><div class=\"gem-textbox-picture centered-box\"><a href=\"https:\/\/fmrsierrayabarca.com\/wp-content\/uploads\/2016\/09\/11-1.jpg\" class=\"fancy\"><img src=\"https:\/\/fmrsierrayabarca.com\/wp-content\/uploads\/2016\/09\/11-1.jpg\" alt=\"\" class=\"img-responsive\" \/><\/a><\/div><div class=\"gem-textbox-inner gem-textbox-after-image\" style=\"border: 3px solid #ffffff;\"><div class=\"gem-textbox-content\" style=\"background-color: rgba(255,255,255,0.24);background-position: center top;\"><div class=\"clearboth\"><\/div><div class=\"gem-divider\" style=\"margin-top: -5px;\"><\/div>[vc_column_text]<\/p>\n<div class=\"title-h4\" style=\"text-align: center;\"><span class=\"light\" style=\"color: #282d3c;\">pool villa<\/span><\/div>\n<p>[\/vc_column_text]<div class=\"clearboth\"><\/div><div class=\"gem-divider\" style=\"margin-top: 30px;\"><\/div><div class=\"gem-list gem-list-color-5\"><ul>\n<li>Contact us your case and a lawyer will solve it<\/li>\n<li>Attach all the documents you consider necessary to better understand your case<\/li>\n<li>An attorney will contact you by phone to find out details of your case<\/li>\n<li>You will receive in your email or the virtual platform that you indicate a pre-report in 3 days<\/li>\n<li>You can hold an initial interview with the lawyer through our virtual platforms: WhatsApp, Zoom, Google Meet or Skype to explain the final legal pre-report and solution strategies to your query.<\/li>\n<li>You will receive a final legal report in your email or the virtual platform that you indicate analyzing your case and providing you with solution strategies within 3 days<\/li>\n<li>You can hold a final interview with the lawyer through our virtual platforms: WhatsApp, Zoom, Google Meet or Skype to explain the final legal report and solution strategies to your query.<\/li>\n<li>You can hold a final interview with the lawyer through our virtual platforms: WhatsApp, Zoom, Google Meet or Skype to explain the final legal report and solution strategies to your query.<\/li>\n<\/ul>\n<\/div><div class=\"clearboth\"><\/div><div class=\"gem-divider\" style=\"margin-top: 32px;\"><\/div>[vc_column_text]<\/p>\n<div class=\"title-h4\" style=\"text-align: center;\">$145.00<span style=\"color: #5f727f; font-family: 'Source Sans Pro'; font-size: 16px; font-weight: 200; text-transform: none;\">\/ per night<\/span><\/div>\n<p>[\/vc_column_text]<div class=\"clearboth\"><\/div><div class=\"gem-divider\" style=\"margin-top: 14px;\"><\/div><div class=\"gem-button-container gem-button-position-center\"><a class=\"gem-button gem-button-size-small gem-button-style-flat gem-button-text-weight-normal\" style=\"border-radius: 0px;background-color: #00bcd4;color: #ffffff;\" onmouseleave=\"this.style.backgroundColor='#00bcd4';this.style.color='#ffffff';\" onmouseenter=\"this.style.backgroundColor='#2fc5b0';\" href=\"\" target=\"_self\">book now<\/a><\/div> <\/div><\/div><\/div>[\/vc_column_inner][\/vc_row_inner][vc_row_inner][vc_column_inner offset=\u00bbvc_col-lg-4&#8243;]<div class=\"gem-textbox\" ><div class=\"gem-textbox-inner\" style=\"border: 3px solid #ffffff;\"><div class=\"gem-textbox-content\" style=\"background-color: rgba(255,255,255,0.1);background-position: center top;\"><div class=\"clearboth\"><\/div><div class=\"gem-divider\" style=\"margin-top: -5px;\"><\/div>[vc_column_text]<\/p>\n<div class=\"title-h4\" style=\"text-align: center;\"><strong><span class=\"light\" style=\"color: #f6d13d;\">ADVISORY<br \/>\nEstrategic<\/span><\/strong><\/div>\n<p>[\/vc_column_text]<div class=\"clearboth\"><\/div><div class=\"gem-divider\" style=\"margin-top: 30px;\"><\/div><div class=\"gem-list gem-list-type-check-style-1 gem-list-color-5\"><ul>\n<li style=\"text-align: justify;\">Contact us your case and a lawyer will solve it<\/li>\n<li style=\"text-align: justify;\">Attach accurate documents (not files)<\/li>\n<li style=\"text-align: justify;\">You will receive a report in your email or the virtual platform that you indicate in 3 days<\/li>\n<\/ul>\n<\/div><div class=\"clearboth\"><\/div><div class=\"gem-divider\" style=\"margin-top: 32px;\"><\/div><div class=\"clearboth\"><\/div><div class=\"gem-divider\" style=\"margin-top: 14px;\"><\/div>[vc_column_text]<\/p>\n<p style=\"text-align: center;\">\t\t\t<a class=\"paoc-popup popupaoc-button\" href=\"javascript:void(0);\" data-target=\"popuppaoc-modal-34794\" data-conf='{\"content\":{ \"target\" : \"#paoc-modal-1\", \"effect\": \"fadein\", \"positionX\": \"center\", \"positionY\": \"center\", \"fullscreen\": false, \"speedIn\": 300, \"speedOut\": 300, \"delay\": 150, \"width\": \"50\" },\"loader\":{\"active\": true},\"overlay\":{\"active\": true}}'>HIRE NOW<\/a>\r\t<\/p>\n<p>[\/vc_column_text]<\/div><\/div><\/div>[\/vc_column_inner][vc_column_inner offset=\u00bbvc_col-lg-4&#8243;]<div class=\"gem-textbox\" ><div class=\"gem-textbox-inner\" style=\"border: 3px solid #ffffff;\"><div class=\"gem-textbox-content\" style=\"background-color: rgba(255,255,255,0.1);background-position: center top;\"><div class=\"clearboth\"><\/div><div class=\"gem-divider\" style=\"margin-top: -5px;\"><\/div>[vc_column_text]<\/p>\n<div class=\"title-h4\" style=\"text-align: center;\"><strong><span class=\"light\" style=\"color: #f6d13d;\">ADVISORY<br \/>\nINTEGRAL<\/span><\/strong><\/div>\n<p>[\/vc_column_text]<div class=\"clearboth\"><\/div><div class=\"gem-divider\" style=\"margin-top: 30px;\"><\/div><div class=\"gem-list gem-list-type-check-style-1 gem-list-color-5\"><ul>\n<li style=\"text-align: justify;\">Contact us your case and a lawyer will solve it<\/li>\n<li style=\"text-align: justify;\">Attach all the documents you consider necessary to better understand your case<\/li>\n<li style=\"text-align: justify;\">You will receive in your email or the virtual platform that you indicate a pre-report in 3 days<\/li>\n<li style=\"text-align: justify;\">An attorney will contact you by phone to find out details of your case<\/li>\n<li style=\"text-align: justify;\">You can interview the lawyer through our virtual platforms: WhatsApp, Zoom, Google Meet or Skype to explain the final legal report and solution strategies to your query<\/li>\n<\/ul>\n<\/div><div class=\"clearboth\"><\/div><div class=\"gem-divider\" style=\"margin-top: 32px;\"><\/div>[vc_column_text]<\/p>\n<p style=\"text-align: center;\">\t\t\t<a class=\"paoc-popup popupaoc-button\" href=\"javascript:void(0);\" data-target=\"popuppaoc-modal-34794\" data-conf='{\"content\":{ \"target\" : \"#paoc-modal-2\", \"effect\": \"fadein\", \"positionX\": \"center\", \"positionY\": \"center\", \"fullscreen\": false, \"speedIn\": 300, \"speedOut\": 300, \"delay\": 150, \"width\": \"50\" },\"loader\":{\"active\": true},\"overlay\":{\"active\": true}}'>HIRE NOW<\/a>\r\t<\/p>\n<p>[\/vc_column_text]<\/div><\/div><\/div>[\/vc_column_inner][vc_column_inner offset=\u00bbvc_col-lg-4&#8243;]<div class=\"gem-textbox\" ><div class=\"gem-textbox-inner\" style=\"border: 3px solid #ffffff;\"><div class=\"gem-textbox-content\" style=\"background-color: rgba(255,255,255,0.1);background-position: center top;\"><div class=\"clearboth\"><\/div><div class=\"gem-divider\" style=\"margin-top: -5px;\"><\/div>[vc_column_text]<\/p>\n<div class=\"title-h4\" style=\"text-align: center;\"><strong><span class=\"light\" style=\"color: #f6d13d;\">ADVISORY<br \/>\nPREMIUM<\/span><\/strong><\/div>\n<p>[\/vc_column_text]<div class=\"clearboth\"><\/div><div class=\"gem-divider\" style=\"margin-top: 30px;\"><\/div><div class=\"gem-list gem-list-type-check-style-1 gem-list-color-5\"><ul>\n<li style=\"text-align: justify;\">Contact us your case and a lawyer will solve it<\/li>\n<li style=\"text-align: justify;\">Attach all the documents you consider necessary to better understand your case<\/li>\n<li style=\"text-align: justify;\">An attorney will contact you by phone to find out details of your case<\/li>\n<li style=\"text-align: justify;\">You will receive in your email or the virtual platform that you indicate a pre-report in 3 days<\/li>\n<li style=\"text-align: justify;\">You can hold an initial interview with the lawyer through our virtual platforms: WhatsApp, Zoom, Google Meet or Skype to explain the final legal pre-report and solution strategies to your query.<\/li>\n<li style=\"text-align: justify;\">You will receive a final legal report in your email or the virtual platform that you indicate analyzing your case and providing you with solution strategies within 3 days<\/li>\n<li style=\"text-align: justify;\">You can hold a final interview with the lawyer through our virtual platforms: WhatsApp, Zoom, Google Meet or Skype to explain the final legal report and solution strategies to your query.<\/li>\n<\/ul>\n<\/div><div class=\"clearboth\"><\/div><div class=\"gem-divider\" style=\"margin-top: 32px;\"><\/div>[vc_column_text]<\/p>\n<p style=\"text-align: center;\">\t\t\t<a class=\"paoc-popup popupaoc-button\" href=\"javascript:void(0);\" data-target=\"popuppaoc-modal-34794\" data-conf='{\"content\":{ \"target\" : \"#paoc-modal-3\", \"effect\": \"fadein\", \"positionX\": \"center\", \"positionY\": \"center\", \"fullscreen\": false, \"speedIn\": 300, \"speedOut\": 300, \"delay\": 150, \"width\": \"50\" },\"loader\":{\"active\": true},\"overlay\":{\"active\": true}}'>HIRE NOW<\/a>\r\t<\/p>\n<p>[\/vc_column_text]<\/div><\/div><\/div>[\/vc_column_inner][\/vc_row_inner]<\/div><\/div><\/div>[\/vc_column][\/vc_row]<\/p>","protected":false},"excerpt":{"rendered":"<p>[vc_row css=\u00bb.vc_custom_1474296171181{margin-top: 0px !important;padding-top: 0px !important;}\u00bb][vc_column css=\u00bb.vc_custom_1474296182961{margin-top: 0px !important;padding-top: 0px !important;}\u00bb][vc_empty_space][\/vc_column][\/vc_row]<\/p>","protected":false},"author":1,"featured_media":0,"parent":0,"menu_order":0,"comment_status":"closed","ping_status":"closed","template":"","meta":[],"_links":{"self":[{"href":"https:\/\/fmrsierrayabarca.com\/en\/wp-json\/wp\/v2\/pages\/34380"}],"collection":[{"href":"https:\/\/fmrsierrayabarca.com\/en\/wp-json\/wp\/v2\/pages"}],"about":[{"href":"https:\/\/fmrsierrayabarca.com\/en\/wp-json\/wp\/v2\/types\/page"}],"author":[{"embeddable":true,"href":"https:\/\/fmrsierrayabarca.com\/en\/wp-json\/wp\/v2\/users\/1"}],"replies":[{"embeddable":true,"href":"https:\/\/fmrsierrayabarca.com\/en\/wp-json\/wp\/v2\/comments?post=34380"}],"version-history":[{"count":60,"href":"https:\/\/fmrsierrayabarca.com\/en\/wp-json\/wp\/v2\/pages\/34380\/revisions"}],"predecessor-version":[{"id":35120,"href":"https:\/\/fmrsierrayabarca.com\/en\/wp-json\/wp\/v2\/pages\/34380\/revisions\/35120"}],"wp:attachment":[{"href":"https:\/\/fmrsierrayabarca.com\/en\/wp-json\/wp\/v2\/media?parent=34380"}],"curies":[{"name":"wp","href":"https:\/\/api.w.org\/{rel}","templated":true}]}}