{"id":34757,"date":"2020-06-13T11:43:33","date_gmt":"2020-06-13T16:43:33","guid":{"rendered":"https:\/\/fmrsierrayabarca.com\/?page_id=34757"},"modified":"2020-06-13T12:32:42","modified_gmt":"2020-06-13T17:32:42","slug":"publicaciones-fmr-actividades-vf","status":"publish","type":"page","link":"https:\/\/fmrsierrayabarca.com\/en\/publicaciones-fmr-actividades-vf\/","title":{"rendered":"Publicaciones FMR.Actividades.vf"},"content":{"rendered":"<p>[vc_row full_width=\u00bbstretch_row_content_no_spaces\u00bb css=\u00bb.vc_custom_1591408686431{margin-bottom: 0px !important;}\u00bb][vc_column css=\u00bb.vc_custom_1458135744679{margin-bottom: 0px !important;padding-bottom: 0px !important;}\u00bb]<div id=\"fullwidth-block-69f86b0476729\" class=\"fullwidth-block clearfix\"  style=\"padding-top: 20px;padding-bottom: 700px;\"><script type=\"text\/javascript\">if (typeof(gem_fix_fullwidth_position) == \"function\") { gem_fix_fullwidth_position(document.getElementById(\"fullwidth-block-69f86b0476729\")); }<\/script><div class=\"fullwidth-block-background\" style=\"background-image: url(https:\/\/fmrsierrayabarca.com\/wp-content\/uploads\/2016\/03\/4-layers-1-1.png);background-repeat: no-repeat; background-size: cover;background-position: center bottom;\"><\/div><div class=\"fullwidth-block-inner\"><div class=\"container\">[vc_row_inner][vc_column_inner width=\u00bb1\/4&#8243;][\/vc_column_inner][vc_column_inner width=\u00bb1\/2&#8243;]<div class=\"gem-button-container gem-button-position-inline\"><a class=\"gem-button gem-button-size-small gem-button-style-flat gem-button-text-weight-normal\" style=\"border-radius: 3px;color: #000000;\" onmouseleave=\"this.style.color='#000000';\" onmouseenter=\"this.style.color='#f6d13d';\" href=\"https:\/\/fmrsierrayabarca.com\/en\/publicaciones-fmr-noticias-v02p\/\" target=\"_self\">PUBLICATIONS<\/a><\/div> <div class=\"gem-button-container gem-button-position-inline\"><a class=\"gem-button gem-button-size-small gem-button-style-flat gem-button-text-weight-normal\" style=\"border-radius: 3px;color: #000000;\" onmouseleave=\"this.style.color='#000000';\" onmouseenter=\"this.style.color='#f6d13d';\" href=\"https:\/\/fmrsierrayabarca.com\/en\/publicaciones-fmr-noticias-v01p\/\" target=\"_self\">NEWS<\/a><\/div> <div class=\"gem-button-container gem-button-position-inline\"><a class=\"gem-button gem-button-size-small gem-button-style-flat gem-button-text-weight-normal\" style=\"border-radius: 3px;background-color: #000000;color: #e8e8e8;\" onmouseleave=\"this.style.backgroundColor='#000000';this.style.color='#e8e8e8';\" onmouseenter=\"this.style.backgroundColor='#000000';this.style.color='#e8e8e8';\" href=\"\" target=\"_self\">ACTIVITIES<\/a><\/div> [\/vc_column_inner][vc_column_inner width=\u00bb1\/4&#8243;][\/vc_column_inner][\/vc_row_inner]<div class=\"timeline_new-wrapper\"><div class=\"timeline-new-line\"><\/div><div class=\"blog blog-style-timeline_new blog-style-timeline clearfix item-animation-disabled\" data-next-page=\"0\">\n<article id=\"post-35017\" class=\"sticky default-background item-animations-not-inited post-35017 post type-post status-publish format-standard has-post-thumbnail category-noticias_fmr\" data-post-date=\"2020\"> <div class=\"item-post-container\"> <div class=\"post-timeline-elements\"> <div class=\"pointer\"><div><span class=\"date\">17 Jun<\/span><span class=\"time\">2020<\/span><\/div><\/div> <div class=\"pointer-right\"><div><span class=\"date\">17 Jun<\/span><span class=\"time\">2020<\/span><\/div><\/div> <div class=\"timeline-date-title\" style=\"\">2020<\/div> <!-- div para clase para el mes y a\u00f1o --> <div class=\"timeline-date-title-right\" style=\"\">2020<\/div> <\/div> <div class=\"post-item clearfix\" style=\"\"> <div >&#xe61a;<\/div> <svg class=\"wrap-style\" style=\"\"> <use xlink:href=\"https:\/\/fmrsierrayabarca.com\/wp-content\/themes\/thegem\/css\/post-arrow.svg#dec-post-arrow\"><\/use> <\/svg> <svg class=\"wrap-style wrap-style-right\" style=\"\"> <use xlink:href=\"https:\/\/fmrsierrayabarca.com\/wp-content\/themes\/thegem\/css\/post-arrow.svg#dec-post-arrow\"><\/use> <\/svg> <div class=\"post-image\"><div class=\"post-featured-content\"><a href=\"https:\/\/fmrsierrayabarca.com\/en\/fiscalia-acusa-a-expresidente-regional-por-caso-arequipa-la-joya\/\"> <picture> <source srcset=\"https:\/\/fmrsierrayabarca.com\/wp-content\/uploads\/2020\/06\/audiencia-la-joya.jpg 1x, https:\/\/fmrsierrayabarca.com\/wp-content\/uploads\/2020\/06\/audiencia-la-joya.jpg 2x\" media=\"(max-width: 768px)\" sizes=\"100vw\"> <source srcset=\"https:\/\/fmrsierrayabarca.com\/wp-content\/uploads\/2020\/06\/audiencia-la-joya-thegem-blog-timeline-small.jpg 1x, https:\/\/fmrsierrayabarca.com\/wp-content\/uploads\/2020\/06\/audiencia-la-joya.jpg 2x\" media=\"(max-width: 1050px)\" sizes=\"100vw\"> <source srcset=\"https:\/\/fmrsierrayabarca.com\/wp-content\/uploads\/2020\/06\/audiencia-la-joya-thegem-blog-timeline.jpg 1x, https:\/\/fmrsierrayabarca.com\/wp-content\/uploads\/2020\/06\/audiencia-la-joya.jpg 2x\" media=\"(max-width: 1920px)\" sizes=\"100vw\"> <img src=\"https:\/\/fmrsierrayabarca.com\/wp-content\/uploads\/2020\/06\/audiencia-la-joya.jpg\" width=\"600\" height=\"400\" class=\"img-responsive\" alt=\"audiencia la joya\" \/> <\/picture> <\/a><\/div><\/div> <div class=\"post-text-wrap\"> <div class=\"post-meta date-color\"> <div class=\"entry-meta clearfix gem-post-date\"> <div class=\"post-meta-left\"> <\/div> <div class=\"post-meta-right\"> <\/div> <\/div><!-- .entry-meta --> <\/div> <div class=\"post-title\"><h4 class=\"entry-title\"><a href=\"https:\/\/fmrsierrayabarca.com\/en\/fiscalia-acusa-a-expresidente-regional-por-caso-arequipa-la-joya\/\" rel=\"bookmark\">Fiscal\u00eda acusa a expresidente regional por caso Arequipa &#8211; La Joya<\/a><\/h2><\/div> <div class=\"post-content\"> <div class=\"summary\"> Por su parte, la abogada de Carlos R\u00edos, Milagros Sierra, dijo que hasta ayer no hab\u00edan sido informados de la decisi\u00f3n de la fiscal, pero se\u00f1al\u00f3 que su patrocinado estaba comprendido como c\u00f3mplice en el caso. <\/div> <\/div> <!-- aqui va intercepto 1 borra leer mas --> <\/div> <\/div> <\/div>\n<\/article><!-- #post-35017 --> <article id=\"post-34033\" class=\"sticky default-background item-animations-not-inited post-34033 post type-post status-publish format-standard has-post-thumbnail category-noticias_fmr\" data-post-date=\"2020\"> <div class=\"item-post-container\"> <div class=\"post-timeline-elements\"> <div class=\"pointer\"><div><span class=\"date\">27 May<\/span><span class=\"time\">2020<\/span><\/div><\/div> <div class=\"pointer-right\"><div><span class=\"date\">27 May<\/span><span class=\"time\">2020<\/span><\/div><\/div> <div class=\"timeline-date-title\" style=\"\">2020<\/div> <!-- div para clase para el mes y a\u00f1o --> <div class=\"timeline-date-title-right\" style=\"\">2020<\/div> <\/div> <div class=\"post-item clearfix\" style=\"\"> <div >&#xe61a;<\/div> <svg class=\"wrap-style\" style=\"\"> <use xlink:href=\"https:\/\/fmrsierrayabarca.com\/wp-content\/themes\/thegem\/css\/post-arrow.svg#dec-post-arrow\"><\/use> <\/svg> <svg class=\"wrap-style wrap-style-right\" style=\"\"> <use xlink:href=\"https:\/\/fmrsierrayabarca.com\/wp-content\/themes\/thegem\/css\/post-arrow.svg#dec-post-arrow\"><\/use> <\/svg> <div class=\"post-image\"><div class=\"post-featured-content\"><a href=\"https:\/\/fmrsierrayabarca.com\/en\/disponen-prorroga-de-la-suspension-de-las-labores-jurisdiccionales-y-administrativas-en-la-corte-superior-de-justicia-de-arequipa-con-excepciones\/\"> <picture> <source srcset=\"https:\/\/fmrsierrayabarca.com\/wp-content\/uploads\/2020\/05\/2020-05-05.jpg 1x, https:\/\/fmrsierrayabarca.com\/wp-content\/uploads\/2020\/05\/2020-05-05.jpg 2x\" media=\"(max-width: 768px)\" sizes=\"100vw\"> <source srcset=\"https:\/\/fmrsierrayabarca.com\/wp-content\/uploads\/2020\/05\/2020-05-05-thegem-blog-timeline-small.jpg 1x, https:\/\/fmrsierrayabarca.com\/wp-content\/uploads\/2020\/05\/2020-05-05.jpg 2x\" media=\"(max-width: 1050px)\" sizes=\"100vw\"> <source srcset=\"https:\/\/fmrsierrayabarca.com\/wp-content\/uploads\/2020\/05\/2020-05-05-thegem-blog-timeline.jpg 1x, https:\/\/fmrsierrayabarca.com\/wp-content\/uploads\/2020\/05\/2020-05-05.jpg 2x\" media=\"(max-width: 1920px)\" sizes=\"100vw\"> <img src=\"https:\/\/fmrsierrayabarca.com\/wp-content\/uploads\/2020\/05\/2020-05-05.jpg\" width=\"567\" height=\"330\" class=\"img-responsive\" alt=\"2020-05-05\" \/> <\/picture> <\/a><\/div><\/div> <div class=\"post-text-wrap\"> <div class=\"post-meta date-color\"> <div class=\"entry-meta clearfix gem-post-date\"> <div class=\"post-meta-left\"> <\/div> <div class=\"post-meta-right\"> <\/div> <\/div><!-- .entry-meta --> <\/div> <div class=\"post-title\"><h4 class=\"entry-title\"><a href=\"https:\/\/fmrsierrayabarca.com\/en\/disponen-prorroga-de-la-suspension-de-las-labores-jurisdiccionales-y-administrativas-en-la-corte-superior-de-justicia-de-arequipa-con-excepciones\/\" rel=\"bookmark\">Disponen pr\u00f3rroga de la suspensi\u00f3n de las labores Jurisdiccionales y Administrativas en la Corte Superior de Justicia de Arequipa con excepciones<\/a><\/h2><\/div> <div class=\"post-content\"> <div class=\"summary\"> <p>ART\u00cdCULO PRIMERO.- ART\u00cdCULO PRIMERO.- SE DISPONE la pr\u00f3rroga de la suspensi\u00f3n de las labores Jurisdiccionales y Administrativas en la Corte&#8230;<\/p> <\/div> <\/div> <!-- aqui va intercepto 1 borra leer mas --> <\/div> <\/div> <\/div>\n<\/article><!-- #post-34033 --> <article id=\"post-34031\" class=\"item-animations-not-inited post-34031 post type-post status-publish format-standard has-post-thumbnail category-noticias_fmr\" data-post-date=\"2020\"> <div class=\"item-post-container\"> <div class=\"post-timeline-elements\"> <div class=\"pointer\"><div><span class=\"date\">27 May<\/span><span class=\"time\">2020<\/span><\/div><\/div> <div class=\"pointer-right\"><div><span class=\"date\">27 May<\/span><span class=\"time\">2020<\/span><\/div><\/div> <div class=\"timeline-date-title\" style=\"\">2020<\/div> <!-- div para clase para el mes y a\u00f1o --> <div class=\"timeline-date-title-right\" style=\"\">2020<\/div> <\/div> <div class=\"post-item clearfix\" style=\"\"> <svg class=\"wrap-style\" style=\"\"> <use xlink:href=\"https:\/\/fmrsierrayabarca.com\/wp-content\/themes\/thegem\/css\/post-arrow.svg#dec-post-arrow\"><\/use> <\/svg> <svg class=\"wrap-style wrap-style-right\" style=\"\"> <use xlink:href=\"https:\/\/fmrsierrayabarca.com\/wp-content\/themes\/thegem\/css\/post-arrow.svg#dec-post-arrow\"><\/use> <\/svg> <div class=\"post-image\"><div class=\"post-featured-content\"><a href=\"https:\/\/fmrsierrayabarca.com\/en\/establecen-que-la-suspension-de-plazos-procesales-y-administrativos-no-se-aplica-para-el-computo-del-plazo-de-detenciones-preliminares-y-prisiones-preventivas\/\"> <picture> <source srcset=\"https:\/\/fmrsierrayabarca.com\/wp-content\/uploads\/2020\/05\/2020-05-04.jpg 1x, https:\/\/fmrsierrayabarca.com\/wp-content\/uploads\/2020\/05\/2020-05-04.jpg 2x\" media=\"(max-width: 768px)\" sizes=\"100vw\"> <source srcset=\"https:\/\/fmrsierrayabarca.com\/wp-content\/uploads\/2020\/05\/2020-05-04-thegem-blog-timeline-small.jpg 1x, https:\/\/fmrsierrayabarca.com\/wp-content\/uploads\/2020\/05\/2020-05-04.jpg 2x\" media=\"(max-width: 1050px)\" sizes=\"100vw\"> <source srcset=\"https:\/\/fmrsierrayabarca.com\/wp-content\/uploads\/2020\/05\/2020-05-04-thegem-blog-timeline.jpg 1x, https:\/\/fmrsierrayabarca.com\/wp-content\/uploads\/2020\/05\/2020-05-04.jpg 2x\" media=\"(max-width: 1920px)\" sizes=\"100vw\"> <img src=\"https:\/\/fmrsierrayabarca.com\/wp-content\/uploads\/2020\/05\/2020-05-04.jpg\" width=\"567\" height=\"330\" class=\"img-responsive\" alt=\"2020-05-04\" \/> <\/picture> <\/a><\/div><\/div> <div class=\"post-text-wrap\"> <div class=\"post-meta date-color\"> <div class=\"entry-meta clearfix gem-post-date\"> <div class=\"post-meta-left\"> <\/div> <div class=\"post-meta-right\"> <\/div> <\/div><!-- .entry-meta --> <\/div> <div class=\"post-title\"><h5 class=\"entry-title\"><a href=\"https:\/\/fmrsierrayabarca.com\/en\/establecen-que-la-suspension-de-plazos-procesales-y-administrativos-no-se-aplica-para-el-computo-del-plazo-de-detenciones-preliminares-y-prisiones-preventivas\/\" rel=\"bookmark\">Establecen que la suspensi\u00f3n de plazos procesales y administrativos no se aplica para el c\u00f3mputo del plazo de detenciones preliminares y prisiones preventivas<\/a><\/h3><\/div> <div class=\"post-content\"> <div class=\"summary\"> <p>Establecen que la suspensi\u00f3n de plazos procesales y administrativos dispuesta como consecuencia del Estado de Emergencia Nacional, no se aplica&#8230;<\/p> <\/div> <\/div> <!-- aqui va intercepto 1 borra leer mas --> <\/div> <\/div> <\/div>\n<\/article><!-- #post-34031 --> <article id=\"post-33997\" class=\"item-animations-not-inited post-33997 post type-post status-publish format-standard has-post-thumbnail category-noticias_fmr\" data-post-date=\"2020\"> <div class=\"item-post-container\"> <div class=\"post-timeline-elements\"> <div class=\"pointer\"><div><span class=\"date\">26 May<\/span><span class=\"time\">2020<\/span><\/div><\/div> <div class=\"pointer-right\"><div><span class=\"date\">26 May<\/span><span class=\"time\">2020<\/span><\/div><\/div> <div class=\"timeline-date-title\" style=\"\">2020<\/div> <!-- div para clase para el mes y a\u00f1o --> <div class=\"timeline-date-title-right\" style=\"\">2020<\/div> <\/div> <div class=\"post-item clearfix\" style=\"\"> <svg class=\"wrap-style\" style=\"\"> <use xlink:href=\"https:\/\/fmrsierrayabarca.com\/wp-content\/themes\/thegem\/css\/post-arrow.svg#dec-post-arrow\"><\/use> <\/svg> <svg class=\"wrap-style wrap-style-right\" style=\"\"> <use xlink:href=\"https:\/\/fmrsierrayabarca.com\/wp-content\/themes\/thegem\/css\/post-arrow.svg#dec-post-arrow\"><\/use> <\/svg> <div class=\"post-image\"><div class=\"post-featured-content\"><a href=\"https:\/\/fmrsierrayabarca.com\/en\/dictan-10-meses-de-jornada-de-servicio-comunitario-contra-agresor-de-mujer\/\"> <picture> <source srcset=\"https:\/\/fmrsierrayabarca.com\/wp-content\/uploads\/2020\/05\/2020-05-01.jpg 1x, https:\/\/fmrsierrayabarca.com\/wp-content\/uploads\/2020\/05\/2020-05-01.jpg 2x\" media=\"(max-width: 768px)\" sizes=\"100vw\"> <source srcset=\"https:\/\/fmrsierrayabarca.com\/wp-content\/uploads\/2020\/05\/2020-05-01-thegem-blog-timeline-small.jpg 1x, https:\/\/fmrsierrayabarca.com\/wp-content\/uploads\/2020\/05\/2020-05-01.jpg 2x\" media=\"(max-width: 1050px)\" sizes=\"100vw\"> <source srcset=\"https:\/\/fmrsierrayabarca.com\/wp-content\/uploads\/2020\/05\/2020-05-01-thegem-blog-timeline.jpg 1x, https:\/\/fmrsierrayabarca.com\/wp-content\/uploads\/2020\/05\/2020-05-01.jpg 2x\" media=\"(max-width: 1920px)\" sizes=\"100vw\"> <img src=\"https:\/\/fmrsierrayabarca.com\/wp-content\/uploads\/2020\/05\/2020-05-01.jpg\" width=\"567\" height=\"330\" class=\"img-responsive\" alt=\"2020-05-01\" \/> <\/picture> <\/a><\/div><\/div> <div class=\"post-text-wrap\"> <div class=\"post-meta date-color\"> <div class=\"entry-meta clearfix gem-post-date\"> <div class=\"post-meta-left\"> <\/div> <div class=\"post-meta-right\"> <\/div> <\/div><!-- .entry-meta --> <\/div> <div class=\"post-title\"><h5 class=\"entry-title\"><a href=\"https:\/\/fmrsierrayabarca.com\/en\/dictan-10-meses-de-jornada-de-servicio-comunitario-contra-agresor-de-mujer\/\" rel=\"bookmark\">Aprueban Protocolo para el reinicio del servicio notarial<\/a><\/h3><\/div> <div class=\"post-content\"> <div class=\"summary\"> <p>Mediante Resoluci\u00f3n Ministerial se ha aprobado el Protocolo Sanitario para el reinicio de las actividades notariales y la determinaci\u00f3n de&#8230;<\/p> <\/div> <\/div> <!-- aqui va intercepto 1 borra leer mas --> <\/div> <\/div> <\/div>\n<\/article><!-- #post-33997 --> <article id=\"post-33827\" class=\"item-animations-not-inited post-33827 post type-post status-publish format-standard has-post-thumbnail category-noticias_fmr\" data-post-date=\"2020\"> <div class=\"item-post-container\"> <div class=\"post-timeline-elements\"> <div class=\"pointer\"><div><span class=\"date\">24 May<\/span><span class=\"time\">2020<\/span><\/div><\/div> <div class=\"pointer-right\"><div><span class=\"date\">24 May<\/span><span class=\"time\">2020<\/span><\/div><\/div> <div class=\"timeline-date-title\" style=\"\">2020<\/div> <!-- div para clase para el mes y a\u00f1o --> <div class=\"timeline-date-title-right\" style=\"\">2020<\/div> <\/div> <div class=\"post-item clearfix\" style=\"\"> <svg class=\"wrap-style\" style=\"\"> <use xlink:href=\"https:\/\/fmrsierrayabarca.com\/wp-content\/themes\/thegem\/css\/post-arrow.svg#dec-post-arrow\"><\/use> <\/svg> <svg class=\"wrap-style wrap-style-right\" style=\"\"> <use xlink:href=\"https:\/\/fmrsierrayabarca.com\/wp-content\/themes\/thegem\/css\/post-arrow.svg#dec-post-arrow\"><\/use> <\/svg> <div class=\"post-image\"><div class=\"post-featured-content\"><a href=\"https:\/\/fmrsierrayabarca.com\/en\/callao-dictan-10-meses-de-jornada-de-servicio-comunitario-contra-agresor-de-mujer\/\"> <picture> <source srcset=\"https:\/\/fmrsierrayabarca.com\/wp-content\/uploads\/2020\/05\/2020-05-03.jpg 1x, https:\/\/fmrsierrayabarca.com\/wp-content\/uploads\/2020\/05\/2020-05-03.jpg 2x\" media=\"(max-width: 768px)\" sizes=\"100vw\"> <source srcset=\"https:\/\/fmrsierrayabarca.com\/wp-content\/uploads\/2020\/05\/2020-05-03-thegem-blog-timeline-small.jpg 1x, https:\/\/fmrsierrayabarca.com\/wp-content\/uploads\/2020\/05\/2020-05-03.jpg 2x\" media=\"(max-width: 1050px)\" sizes=\"100vw\"> <source srcset=\"https:\/\/fmrsierrayabarca.com\/wp-content\/uploads\/2020\/05\/2020-05-03-thegem-blog-timeline.jpg 1x, https:\/\/fmrsierrayabarca.com\/wp-content\/uploads\/2020\/05\/2020-05-03.jpg 2x\" media=\"(max-width: 1920px)\" sizes=\"100vw\"> <img src=\"https:\/\/fmrsierrayabarca.com\/wp-content\/uploads\/2020\/05\/2020-05-03.jpg\" width=\"567\" height=\"330\" class=\"img-responsive\" alt=\"2020-05-03\" \/> <\/picture> <\/a><\/div><\/div> <div class=\"post-text-wrap\"> <div class=\"post-meta date-color\"> <div class=\"entry-meta clearfix gem-post-date\"> <div class=\"post-meta-left\"> <\/div> <div class=\"post-meta-right\"> <\/div> <\/div><!-- .entry-meta --> <\/div> <div class=\"post-title\"><h5 class=\"entry-title\"><a href=\"https:\/\/fmrsierrayabarca.com\/en\/callao-dictan-10-meses-de-jornada-de-servicio-comunitario-contra-agresor-de-mujer\/\" rel=\"bookmark\">Congreso conforma comisi\u00f3n para la reforma del sistema de pensiones<\/a><\/h3><\/div> <div class=\"post-content\"> <div class=\"summary\"> <p>En sesi\u00f3n virtual del Congreso se defini\u00f3 los integrantes de la Comisi\u00f3n Especial Multipartidaria, encargada de elaborar y proponer el&#8230;<\/p> <\/div> <\/div> <!-- aqui va intercepto 1 borra leer mas --> <\/div> <\/div> <\/div>\n<\/article><!-- #post-33827 --> <article id=\"post-33824\" class=\"item-animations-not-inited post-33824 post type-post status-publish format-standard has-post-thumbnail category-noticias_fmr\" data-post-date=\"2020\"> <div class=\"item-post-container\"> <div class=\"post-timeline-elements\"> <div class=\"pointer\"><div><span class=\"date\">24 May<\/span><span class=\"time\">2020<\/span><\/div><\/div> <div class=\"pointer-right\"><div><span class=\"date\">24 May<\/span><span class=\"time\">2020<\/span><\/div><\/div> <div class=\"timeline-date-title\" style=\"\">2020<\/div> <!-- div para clase para el mes y a\u00f1o --> <div class=\"timeline-date-title-right\" style=\"\">2020<\/div> <\/div> <div class=\"post-item clearfix\" style=\"\"> <svg class=\"wrap-style\" style=\"\"> <use xlink:href=\"https:\/\/fmrsierrayabarca.com\/wp-content\/themes\/thegem\/css\/post-arrow.svg#dec-post-arrow\"><\/use> <\/svg> <svg class=\"wrap-style wrap-style-right\" style=\"\"> <use xlink:href=\"https:\/\/fmrsierrayabarca.com\/wp-content\/themes\/thegem\/css\/post-arrow.svg#dec-post-arrow\"><\/use> <\/svg> <div class=\"post-image\"><div class=\"post-featured-content\"><a href=\"https:\/\/fmrsierrayabarca.com\/en\/corte-superior-de-justicia-de-lima-autoriza-trabajo-remoto-para-organos-encargados-del-expediente-judicial-electronico\/\"> <picture> <source srcset=\"https:\/\/fmrsierrayabarca.com\/wp-content\/uploads\/2020\/05\/n_03_24052020-1.jpg 1x, https:\/\/fmrsierrayabarca.com\/wp-content\/uploads\/2020\/05\/n_03_24052020-1.jpg 2x\" media=\"(max-width: 768px)\" sizes=\"100vw\"> <source srcset=\"https:\/\/fmrsierrayabarca.com\/wp-content\/uploads\/2020\/05\/n_03_24052020-1-thegem-blog-timeline-small.jpg 1x, https:\/\/fmrsierrayabarca.com\/wp-content\/uploads\/2020\/05\/n_03_24052020-1.jpg 2x\" media=\"(max-width: 1050px)\" sizes=\"100vw\"> <source srcset=\"https:\/\/fmrsierrayabarca.com\/wp-content\/uploads\/2020\/05\/n_03_24052020-1.jpg 1x, https:\/\/fmrsierrayabarca.com\/wp-content\/uploads\/2020\/05\/n_03_24052020-1.jpg 2x\" media=\"(max-width: 1920px)\" sizes=\"100vw\"> <img src=\"https:\/\/fmrsierrayabarca.com\/wp-content\/uploads\/2020\/05\/n_03_24052020-1.jpg\" width=\"400\" height=\"255\" class=\"img-responsive\" alt=\"n_03_24052020\" \/> <\/picture> <\/a><\/div><\/div> <div class=\"post-text-wrap\"> <div class=\"post-meta date-color\"> <div class=\"entry-meta clearfix gem-post-date\"> <div class=\"post-meta-left\"> <\/div> <div class=\"post-meta-right\"> <\/div> <\/div><!-- .entry-meta --> <\/div> <div class=\"post-title\"><h5 class=\"entry-title\"><a href=\"https:\/\/fmrsierrayabarca.com\/en\/corte-superior-de-justicia-de-lima-autoriza-trabajo-remoto-para-organos-encargados-del-expediente-judicial-electronico\/\" rel=\"bookmark\">Corte Superior de Justicia de Lima autoriza trabajo remoto para \u00f3rganos encargados del Expediente Judicial Electr\u00f3nico<\/a><\/h3><\/div> <div class=\"post-content\"> <div class=\"summary\"> <p>Seg\u00fan la resoluci\u00f3n publicada en el bolet\u00edn de Normas Legales del diario oficial \u2018El Peruano\u2019, esta disposici\u00f3n podr\u00e1 cumplirse desde&#8230;<\/p> <\/div> <\/div> <!-- aqui va intercepto 1 borra leer mas --> <\/div> <\/div> <\/div>\n<\/article><!-- #post-33824 -->\n<\/div><\/div><\/div><\/div><\/div>[\/vc_column][\/vc_row]<\/p>","protected":false},"excerpt":{"rendered":"<p>[vc_row full_width=\u00bbstretch_row_content_no_spaces\u00bb css=\u00bb.vc_custom_1591408686431{margin-bottom: 0px !important;}\u00bb][vc_column css=\u00bb.vc_custom_1458135744679{margin-bottom: 0px !important;padding-bottom: 0px !important;}\u00bb][\/vc_column][\/vc_row]<\/p>","protected":false},"author":1,"featured_media":0,"parent":0,"menu_order":0,"comment_status":"closed","ping_status":"closed","template":"","meta":[],"_links":{"self":[{"href":"https:\/\/fmrsierrayabarca.com\/en\/wp-json\/wp\/v2\/pages\/34757"}],"collection":[{"href":"https:\/\/fmrsierrayabarca.com\/en\/wp-json\/wp\/v2\/pages"}],"about":[{"href":"https:\/\/fmrsierrayabarca.com\/en\/wp-json\/wp\/v2\/types\/page"}],"author":[{"embeddable":true,"href":"https:\/\/fmrsierrayabarca.com\/en\/wp-json\/wp\/v2\/users\/1"}],"replies":[{"embeddable":true,"href":"https:\/\/fmrsierrayabarca.com\/en\/wp-json\/wp\/v2\/comments?post=34757"}],"version-history":[{"count":9,"href":"https:\/\/fmrsierrayabarca.com\/en\/wp-json\/wp\/v2\/pages\/34757\/revisions"}],"predecessor-version":[{"id":34781,"href":"https:\/\/fmrsierrayabarca.com\/en\/wp-json\/wp\/v2\/pages\/34757\/revisions\/34781"}],"wp:attachment":[{"href":"https:\/\/fmrsierrayabarca.com\/en\/wp-json\/wp\/v2\/media?parent=34757"}],"curies":[{"name":"wp","href":"https:\/\/api.w.org\/{rel}","templated":true}]}}